{"id":31978,"date":"2021-07-23T18:20:48","date_gmt":"2021-07-23T22:20:48","guid":{"rendered":"https:\/\/ctccollector.ca\/store\/?post_type=product&#038;p=31978"},"modified":"2025-03-19T18:34:12","modified_gmt":"2025-03-19T22:34:12","slug":"ctc-s04-b-am2872614-fine-estr-variety","status":"publish","type":"product","link":"https:\/\/ctccollector.ca\/store\/shop\/ctc-s04-b-am2872614-fine-estr-variety\/","title":{"rendered":"[:en]CTC S04-B &#8211; AM2872614 &#8211; fine &#8211; &#8220;estr&#8221; variety[:fr]CTC S04-B &#8211; AM2872614 &#8211; fine &#8211; vari\u00e9t\u00e9 &#8220;estr&#8221;[:]"},"content":{"rendered":"<p>[:en]Check out the image, this will be the actual note you are purchasing!<\/p>\n<p>With transfered ink on the front![:fr]Voir l&#8217;image pour examiner le billet que vous ach\u00e8terez!<\/p>\n<p>Avec de l&#8217;encre transf\u00e9r\u00e9![:]<\/p>\n","protected":false},"excerpt":{"rendered":"<p>[:en]Check out the image, this will be the actual note you are purchasing! With transfered ink on the front![:fr]Voir l&#8217;image pour examiner le billet que vous ach\u00e8terez! Avec de l&#8217;encre transf\u00e9r\u00e9![:]<\/p>\n","protected":false},"featured_media":31979,"template":"","meta":[],"product_brand":[],"product_cat":[637,989],"product_tag":[],"class_list":{"0":"post-31978","1":"product","2":"type-product","3":"status-publish","4":"has-post-thumbnail","6":"product_cat-am-prefix","7":"product_cat-front-varieties","10":"first","11":"outofstock","12":"shipping-taxable","13":"purchasable","14":"product-type-simple"},"_links":{"self":[{"href":"https:\/\/ctccollector.ca\/store\/wp-json\/wp\/v2\/product\/31978","targetHints":{"allow":["GET"]}}],"collection":[{"href":"https:\/\/ctccollector.ca\/store\/wp-json\/wp\/v2\/product"}],"about":[{"href":"https:\/\/ctccollector.ca\/store\/wp-json\/wp\/v2\/types\/product"}],"wp:featuredmedia":[{"embeddable":true,"href":"https:\/\/ctccollector.ca\/store\/wp-json\/wp\/v2\/media\/31979"}],"wp:attachment":[{"href":"https:\/\/ctccollector.ca\/store\/wp-json\/wp\/v2\/media?parent=31978"}],"wp:term":[{"taxonomy":"product_brand","embeddable":true,"href":"https:\/\/ctccollector.ca\/store\/wp-json\/wp\/v2\/product_brand?post=31978"},{"taxonomy":"product_cat","embeddable":true,"href":"https:\/\/ctccollector.ca\/store\/wp-json\/wp\/v2\/product_cat?post=31978"},{"taxonomy":"product_tag","embeddable":true,"href":"https:\/\/ctccollector.ca\/store\/wp-json\/wp\/v2\/product_tag?post=31978"}],"curies":[{"name":"wp","href":"https:\/\/api.w.org\/{rel}","templated":true}]}}