{"id":32022,"date":"2021-08-20T17:20:11","date_gmt":"2021-08-20T21:20:11","guid":{"rendered":"https:\/\/ctccollector.ca\/store\/?post_type=product&#038;p=32022"},"modified":"2024-02-15T17:53:42","modified_gmt":"2024-02-15T22:53:42","slug":"col-ca-bv-series-unc","status":"publish","type":"product","link":"https:\/\/ctccollector.ca\/store\/shop\/col-ca-bv-series-unc\/","title":{"rendered":"COL.ca &#8211; BV series &#8211; UNC"},"content":{"rendered":"<p>[:en]See the image for the type of note you will receive.<\/p>\n<p>Each note has a unique serial number which can be used for the web site.[:fr]Voir l&#8217;image pour le type de billet que vous recevrez.<\/p>\n<p>Chaque billet a un num\u00e9ro de s\u00e9rie unique qui peut \u00eatre utilis\u00e9 sur le site Web.[:]<\/p>\n","protected":false},"excerpt":{"rendered":"<p>[:en]See the image for the type of note you will receive. Each note has a unique serial number which can be used for the web site.[:fr]Voir l&#8217;image pour le type de billet que vous recevrez. Chaque billet a un num\u00e9ro de s\u00e9rie unique qui peut \u00eatre utilis\u00e9 sur le site Web.[:]<\/p>\n","protected":false},"featured_media":32024,"template":"","meta":[],"product_brand":[],"product_cat":[971],"product_tag":[],"class_list":{"0":"post-32022","1":"product","2":"type-product","3":"status-publish","4":"has-post-thumbnail","6":"product_cat-ctccollector-ca-notes","9":"first","10":"outofstock","11":"shipping-taxable","12":"purchasable","13":"product-type-simple"},"_links":{"self":[{"href":"https:\/\/ctccollector.ca\/store\/wp-json\/wp\/v2\/product\/32022","targetHints":{"allow":["GET"]}}],"collection":[{"href":"https:\/\/ctccollector.ca\/store\/wp-json\/wp\/v2\/product"}],"about":[{"href":"https:\/\/ctccollector.ca\/store\/wp-json\/wp\/v2\/types\/product"}],"wp:featuredmedia":[{"embeddable":true,"href":"https:\/\/ctccollector.ca\/store\/wp-json\/wp\/v2\/media\/32024"}],"wp:attachment":[{"href":"https:\/\/ctccollector.ca\/store\/wp-json\/wp\/v2\/media?parent=32022"}],"wp:term":[{"taxonomy":"product_brand","embeddable":true,"href":"https:\/\/ctccollector.ca\/store\/wp-json\/wp\/v2\/product_brand?post=32022"},{"taxonomy":"product_cat","embeddable":true,"href":"https:\/\/ctccollector.ca\/store\/wp-json\/wp\/v2\/product_cat?post=32022"},{"taxonomy":"product_tag","embeddable":true,"href":"https:\/\/ctccollector.ca\/store\/wp-json\/wp\/v2\/product_tag?post=32022"}],"curies":[{"name":"wp","href":"https:\/\/api.w.org\/{rel}","templated":true}]}}