{"id":32025,"date":"2021-08-20T17:29:40","date_gmt":"2021-08-20T21:29:40","guid":{"rendered":"https:\/\/ctccollector.ca\/store\/?post_type=product&#038;p=32025"},"modified":"2024-03-09T11:31:27","modified_gmt":"2024-03-09T16:31:27","slug":"col-ca-bv-series-unc-specimen","status":"publish","type":"product","link":"https:\/\/ctccollector.ca\/store\/shop\/col-ca-bv-series-unc-specimen\/","title":{"rendered":"[:en]COL.ca &#8211; BV series &#8211; UNC &#8211; Specimen[:fr]COL.ca &#8211; BV series &#8211; UNC &#8211; Sp\u00e9cimen[:]"},"content":{"rendered":"<p>[:en]See the image for the type of note you will receive.<\/p>\n<p>Each note has a double serial number with 8 zeroes with the word SPECIMEN printed on both sides of the note.[:fr]Voir l&#8217;image pour le type de billet que vous recevrez.<\/p>\n<p>Chaque billet a un num\u00e9ro de s\u00e9rie double avec 8 fois z\u00e9ro avec le mot SPECIMEN imprim\u00e9 sur les deux cot\u00e9s du billet.[:]<\/p>\n","protected":false},"excerpt":{"rendered":"<p>[:en]See the image for the type of note you will receive. Each note has a double serial number with 8 zeroes with the word SPECIMEN printed on both sides of the note.[:fr]Voir l&#8217;image pour le type de billet que vous recevrez. Chaque billet a un num\u00e9ro de s\u00e9rie double avec 8 fois z\u00e9ro avec le &hellip; <a href=\"https:\/\/ctccollector.ca\/store\/shop\/col-ca-bv-series-unc-specimen\/\" class=\"more-link\">Continue reading <span class=\"screen-reader-text\">[:en]COL.ca &#8211; BV series &#8211; UNC &#8211; Specimen[:fr]COL.ca &#8211; BV series &#8211; UNC &#8211; Sp\u00e9cimen[:]<\/span> <span class=\"meta-nav\">&rarr;<\/span><\/a><\/p>\n","protected":false},"featured_media":32026,"template":"","meta":[],"product_brand":[],"product_cat":[971],"product_tag":[],"class_list":{"0":"post-32025","1":"product","2":"type-product","3":"status-publish","4":"has-post-thumbnail","6":"product_cat-ctccollector-ca-notes","9":"first","10":"instock","11":"shipping-taxable","12":"purchasable","13":"product-type-simple"},"_links":{"self":[{"href":"https:\/\/ctccollector.ca\/store\/wp-json\/wp\/v2\/product\/32025","targetHints":{"allow":["GET"]}}],"collection":[{"href":"https:\/\/ctccollector.ca\/store\/wp-json\/wp\/v2\/product"}],"about":[{"href":"https:\/\/ctccollector.ca\/store\/wp-json\/wp\/v2\/types\/product"}],"wp:featuredmedia":[{"embeddable":true,"href":"https:\/\/ctccollector.ca\/store\/wp-json\/wp\/v2\/media\/32026"}],"wp:attachment":[{"href":"https:\/\/ctccollector.ca\/store\/wp-json\/wp\/v2\/media?parent=32025"}],"wp:term":[{"taxonomy":"product_brand","embeddable":true,"href":"https:\/\/ctccollector.ca\/store\/wp-json\/wp\/v2\/product_brand?post=32025"},{"taxonomy":"product_cat","embeddable":true,"href":"https:\/\/ctccollector.ca\/store\/wp-json\/wp\/v2\/product_cat?post=32025"},{"taxonomy":"product_tag","embeddable":true,"href":"https:\/\/ctccollector.ca\/store\/wp-json\/wp\/v2\/product_tag?post=32025"}],"curies":[{"name":"wp","href":"https:\/\/api.w.org\/{rel}","templated":true}]}}