{"id":32316,"date":"2021-10-08T14:42:49","date_gmt":"2021-10-08T18:42:49","guid":{"rendered":"https:\/\/ctccollector.ca\/store\/?post_type=product&#038;p=32316"},"modified":"2021-10-08T14:53:12","modified_gmt":"2021-10-08T18:53:12","slug":"ctc-s04-b-bn3888681-fine-snr","status":"publish","type":"product","link":"https:\/\/ctccollector.ca\/store\/shop\/ctc-s04-b-bn3888681-fine-snr\/","title":{"rendered":"CTC S04-B &#8211; BN3888681- Fine &#8211; SNR"},"content":{"rendered":"<p>[:en]The blue line was added electronically to show the serial numbers are not parallel, it is not apparent on the actual note.<\/p>\n<p>Check out the image, this will be the actual note you are purchasing!<\/p>\n<p>&nbsp;[:fr]La ligne bleue a \u00e9t\u00e9 ajout\u00e9e \u00e9lectroniquement pour montrer que les num\u00e9ros de s\u00e9rie ne sont pas parall\u00e8les, cela n&#8217;appara\u00eet pas sur le billet r\u00e9elle.<\/p>\n<p>Voir l&#8217;image pour examiner le billet que vous ach\u00e8terez!<\/p>\n<p>&nbsp;[:]<\/p>\n","protected":false},"excerpt":{"rendered":"<p>[:en]The blue line was added electronically to show the serial numbers are not parallel, it is not apparent on the actual note. Check out the image, this will be the actual note you are purchasing! &nbsp;[:fr]La ligne bleue a \u00e9t\u00e9 ajout\u00e9e \u00e9lectroniquement pour montrer que les num\u00e9ros de s\u00e9rie ne sont pas parall\u00e8les, cela n&#8217;appara\u00eet &hellip; <a href=\"https:\/\/ctccollector.ca\/store\/shop\/ctc-s04-b-bn3888681-fine-snr\/\" class=\"more-link\">Continue reading <span class=\"screen-reader-text\">CTC S04-B &#8211; BN3888681- Fine &#8211; SNR<\/span> <span class=\"meta-nav\">&rarr;<\/span><\/a><\/p>\n","protected":false},"featured_media":32317,"template":"","meta":[],"product_brand":[],"product_cat":[633,363,992],"product_tag":[],"class_list":{"0":"post-32316","1":"product","2":"type-product","3":"status-publish","4":"has-post-thumbnail","6":"product_cat-bn-prefix","7":"product_cat-ctc-s4-replacements","8":"product_cat-serial-number-varieties","11":"first","12":"instock","13":"shipping-taxable","14":"purchasable","15":"product-type-simple"},"_links":{"self":[{"href":"https:\/\/ctccollector.ca\/store\/wp-json\/wp\/v2\/product\/32316","targetHints":{"allow":["GET"]}}],"collection":[{"href":"https:\/\/ctccollector.ca\/store\/wp-json\/wp\/v2\/product"}],"about":[{"href":"https:\/\/ctccollector.ca\/store\/wp-json\/wp\/v2\/types\/product"}],"wp:featuredmedia":[{"embeddable":true,"href":"https:\/\/ctccollector.ca\/store\/wp-json\/wp\/v2\/media\/32317"}],"wp:attachment":[{"href":"https:\/\/ctccollector.ca\/store\/wp-json\/wp\/v2\/media?parent=32316"}],"wp:term":[{"taxonomy":"product_brand","embeddable":true,"href":"https:\/\/ctccollector.ca\/store\/wp-json\/wp\/v2\/product_brand?post=32316"},{"taxonomy":"product_cat","embeddable":true,"href":"https:\/\/ctccollector.ca\/store\/wp-json\/wp\/v2\/product_cat?post=32316"},{"taxonomy":"product_tag","embeddable":true,"href":"https:\/\/ctccollector.ca\/store\/wp-json\/wp\/v2\/product_tag?post=32316"}],"curies":[{"name":"wp","href":"https:\/\/api.w.org\/{rel}","templated":true}]}}