{"id":32782,"date":"2021-12-10T16:39:30","date_gmt":"2021-12-10T21:39:30","guid":{"rendered":"https:\/\/ctccollector.ca\/store\/?post_type=product&#038;p=32782"},"modified":"2022-08-26T15:42:55","modified_gmt":"2022-08-26T19:42:55","slug":"fa04-f-025-08-type-025-2406-0721-70675","status":"publish","type":"product","link":"https:\/\/ctccollector.ca\/store\/shop\/fa04-f-025-08-type-025-2406-0721-70675\/","title":{"rendered":"FA04-F-025-08-Type 025-2406-0721 &#8211; 70675"},"content":{"rendered":"<p>[:en]Fixed Amount Series 4 -Corporate Issue<\/p>\n<p>$25.00 Heritage series<\/p>\n<p>Used, no value on card<\/p>\n<p>2406 &#8211; Card #70675<\/p>\n<p>Date 07-2021[:fr]Montant Fixe s\u00e9ries 4 -\u00c9mission corporative<\/p>\n<p>$25.00 s\u00e9rie Heritage<\/p>\n<p>Utilis\u00e9e, aucune valeur sur la carte<\/p>\n<p>2406 &#8211; Carte #70675<\/p>\n<p>Date 07-2021[:]<\/p>\n","protected":false},"excerpt":{"rendered":"<p>[:en]Fixed Amount Series 4 -Corporate Issue $25.00 Heritage series Used, no value on card 2406 &#8211; Card #70675 Date 07-2021[:fr]Montant Fixe s\u00e9ries 4 -\u00c9mission corporative $25.00 s\u00e9rie Heritage Utilis\u00e9e, aucune valeur sur la carte 2406 &#8211; Carte #70675 Date 07-2021[:]<\/p>\n","protected":false},"featured_media":32783,"template":"","meta":[],"product_brand":[],"product_cat":[755],"product_tag":[],"class_list":{"0":"post-32782","1":"product","2":"type-product","3":"status-publish","4":"has-post-thumbnail","6":"product_cat-fa04-025","9":"first","10":"instock","11":"shipping-taxable","12":"purchasable","13":"product-type-simple"},"_links":{"self":[{"href":"https:\/\/ctccollector.ca\/store\/wp-json\/wp\/v2\/product\/32782","targetHints":{"allow":["GET"]}}],"collection":[{"href":"https:\/\/ctccollector.ca\/store\/wp-json\/wp\/v2\/product"}],"about":[{"href":"https:\/\/ctccollector.ca\/store\/wp-json\/wp\/v2\/types\/product"}],"wp:featuredmedia":[{"embeddable":true,"href":"https:\/\/ctccollector.ca\/store\/wp-json\/wp\/v2\/media\/32783"}],"wp:attachment":[{"href":"https:\/\/ctccollector.ca\/store\/wp-json\/wp\/v2\/media?parent=32782"}],"wp:term":[{"taxonomy":"product_brand","embeddable":true,"href":"https:\/\/ctccollector.ca\/store\/wp-json\/wp\/v2\/product_brand?post=32782"},{"taxonomy":"product_cat","embeddable":true,"href":"https:\/\/ctccollector.ca\/store\/wp-json\/wp\/v2\/product_cat?post=32782"},{"taxonomy":"product_tag","embeddable":true,"href":"https:\/\/ctccollector.ca\/store\/wp-json\/wp\/v2\/product_tag?post=32782"}],"curies":[{"name":"wp","href":"https:\/\/api.w.org\/{rel}","templated":true}]}}