{"id":32997,"date":"2022-01-21T10:35:03","date_gmt":"2022-01-21T15:35:03","guid":{"rendered":"https:\/\/ctccollector.ca\/store\/?post_type=product&#038;p=32997"},"modified":"2022-02-12T11:29:50","modified_gmt":"2022-02-12T16:29:50","slug":"ctc-s28-e07-03-3032104999-unc-pale-numbers","status":"publish","type":"product","link":"https:\/\/ctccollector.ca\/store\/shop\/ctc-s28-e07-03-3032104999-unc-pale-numbers\/","title":{"rendered":"[:en]CTC S28-E07-03 -3032104999 &#8211; UNC &#8211; pale numbers[:fr]CTC S28-E07-03 -3032104999 &#8211; UNC &#8211; num\u00e9ros p\u00e2les[:]"},"content":{"rendered":"<p>[:en]Serial #: 3032104999<\/p>\n<p>Grade: \u00a0UNC<\/p>\n<p>Denomination: \u00a0$0.50<\/p>\n<p>The &#8220;10&#8221; in the left serial number is pale plus the brown ink at the top is defective.<\/p>\n<p>&nbsp;[:fr]S\u00e9rie#: 3032104999<\/p>\n<p>Grade: \u00a0UNC<\/p>\n<p>D\u00e9nomination: \u00a0$0.50<\/p>\n<p>Le &#8220;10&#8221; dans le num\u00e9ro de s\u00e9rie de gauche est p\u00e2le et l&#8217;encre brune en haut est d\u00e9fectueuse.[:]<\/p>\n","protected":false},"excerpt":{"rendered":"<p>[:en]Serial #: 3032104999 Grade: \u00a0UNC Denomination: \u00a0$0.50 The &#8220;10&#8221; in the left serial number is pale plus the brown ink at the top is defective. &nbsp;[:fr]S\u00e9rie#: 3032104999 Grade: \u00a0UNC D\u00e9nomination: \u00a0$0.50 Le &#8220;10&#8221; dans le num\u00e9ro de s\u00e9rie de gauche est p\u00e2le et l&#8217;encre brune en haut est d\u00e9fectueuse.[:]<\/p>\n","protected":false},"featured_media":32992,"template":"","meta":[],"product_brand":[],"product_cat":[479,992],"product_tag":[],"class_list":{"0":"post-32997","1":"product","2":"type-product","3":"status-publish","4":"has-post-thumbnail","6":"product_cat-ctc-s28-50-varieties-errors","7":"product_cat-serial-number-varieties","10":"first","11":"instock","12":"shipping-taxable","13":"purchasable","14":"product-type-simple"},"_links":{"self":[{"href":"https:\/\/ctccollector.ca\/store\/wp-json\/wp\/v2\/product\/32997","targetHints":{"allow":["GET"]}}],"collection":[{"href":"https:\/\/ctccollector.ca\/store\/wp-json\/wp\/v2\/product"}],"about":[{"href":"https:\/\/ctccollector.ca\/store\/wp-json\/wp\/v2\/types\/product"}],"wp:featuredmedia":[{"embeddable":true,"href":"https:\/\/ctccollector.ca\/store\/wp-json\/wp\/v2\/media\/32992"}],"wp:attachment":[{"href":"https:\/\/ctccollector.ca\/store\/wp-json\/wp\/v2\/media?parent=32997"}],"wp:term":[{"taxonomy":"product_brand","embeddable":true,"href":"https:\/\/ctccollector.ca\/store\/wp-json\/wp\/v2\/product_brand?post=32997"},{"taxonomy":"product_cat","embeddable":true,"href":"https:\/\/ctccollector.ca\/store\/wp-json\/wp\/v2\/product_cat?post=32997"},{"taxonomy":"product_tag","embeddable":true,"href":"https:\/\/ctccollector.ca\/store\/wp-json\/wp\/v2\/product_tag?post=32997"}],"curies":[{"name":"wp","href":"https:\/\/api.w.org\/{rel}","templated":true}]}}