{"id":33049,"date":"2022-02-09T14:11:51","date_gmt":"2022-02-09T19:11:51","guid":{"rendered":"https:\/\/ctccollector.ca\/store\/?post_type=product&#038;p=33049"},"modified":"2025-01-10T03:55:02","modified_gmt":"2025-01-10T08:55:02","slug":"ctc-s20-fa-20140-22131-fine-mismatched-serial-number","status":"publish","type":"product","link":"https:\/\/ctccollector.ca\/store\/shop\/ctc-s20-fa-20140-22131-fine-mismatched-serial-number\/","title":{"rendered":"[:en]CTC S20-Fa &#8211; 20140\/22131 &#8211; Fine &#8211; mismatched serial number[:fr]CTC S20-Fa &#8211; 20140\/22131 &#8211; Fine &#8211; num\u00e9ro de s\u00e9rie dif\u00e9rent[:]"},"content":{"rendered":"<p>[:en]Check out the image, this will be the actual note you are purchasing![:fr]Voir l&#8217;image pour examiner le billet que vous ach\u00e8terez![:]<\/p>\n","protected":false},"excerpt":{"rendered":"<p>[:en]Check out the image, this will be the actual note you are purchasing![:fr]Voir l&#8217;image pour examiner le billet que vous ach\u00e8terez![:]<\/p>\n","protected":false},"featured_media":33044,"template":"","meta":[],"product_brand":[],"product_cat":[499,415,992],"product_tag":[],"class_list":{"0":"post-33049","1":"product","2":"type-product","3":"status-publish","4":"has-post-thumbnail","6":"product_cat-ctc-s20-1-00-replacements","7":"product_cat-ctc-s20-varieties-errors-4","8":"product_cat-serial-number-varieties","11":"first","12":"outofstock","13":"shipping-taxable","14":"purchasable","15":"product-type-simple"},"_links":{"self":[{"href":"https:\/\/ctccollector.ca\/store\/wp-json\/wp\/v2\/product\/33049","targetHints":{"allow":["GET"]}}],"collection":[{"href":"https:\/\/ctccollector.ca\/store\/wp-json\/wp\/v2\/product"}],"about":[{"href":"https:\/\/ctccollector.ca\/store\/wp-json\/wp\/v2\/types\/product"}],"wp:featuredmedia":[{"embeddable":true,"href":"https:\/\/ctccollector.ca\/store\/wp-json\/wp\/v2\/media\/33044"}],"wp:attachment":[{"href":"https:\/\/ctccollector.ca\/store\/wp-json\/wp\/v2\/media?parent=33049"}],"wp:term":[{"taxonomy":"product_brand","embeddable":true,"href":"https:\/\/ctccollector.ca\/store\/wp-json\/wp\/v2\/product_brand?post=33049"},{"taxonomy":"product_cat","embeddable":true,"href":"https:\/\/ctccollector.ca\/store\/wp-json\/wp\/v2\/product_cat?post=33049"},{"taxonomy":"product_tag","embeddable":true,"href":"https:\/\/ctccollector.ca\/store\/wp-json\/wp\/v2\/product_tag?post=33049"}],"curies":[{"name":"wp","href":"https:\/\/api.w.org\/{rel}","templated":true}]}}