{"id":33068,"date":"2022-02-12T11:24:29","date_gmt":"2022-02-12T16:24:29","guid":{"rendered":"https:\/\/ctccollector.ca\/store\/?post_type=product&#038;p=33068"},"modified":"2022-02-12T11:29:03","modified_gmt":"2022-02-12T16:29:03","slug":"ctc-s28-e07-03-3030225704-unc-serial-numbers-printed-very-low","status":"publish","type":"product","link":"https:\/\/ctccollector.ca\/store\/shop\/ctc-s28-e07-03-3030225704-unc-serial-numbers-printed-very-low\/","title":{"rendered":"[:en]CTC S28-E07-03 -3030225704 &#8211; UNC &#8211; serial numbers printed very low[:fr]CTC S28-E07-03 -3030225704 &#8211; UNC &#8211; num\u00e9ros de s\u00e9rie imprim\u00e9 trop bas[:]"},"content":{"rendered":"<p>[:en]See image for actual note you will receive.<\/p>\n<p>&nbsp;[:fr]Voir l&#8217;image pour le billet que vous recevrez.[:]<\/p>\n","protected":false},"excerpt":{"rendered":"<p>[:en]See image for actual note you will receive. &nbsp;[:fr]Voir l&#8217;image pour le billet que vous recevrez.[:]<\/p>\n","protected":false},"featured_media":33069,"template":"","meta":[],"product_brand":[],"product_cat":[479,992],"product_tag":[],"class_list":{"0":"post-33068","1":"product","2":"type-product","3":"status-publish","4":"has-post-thumbnail","6":"product_cat-ctc-s28-50-varieties-errors","7":"product_cat-serial-number-varieties","10":"first","11":"instock","12":"shipping-taxable","13":"purchasable","14":"product-type-simple"},"_links":{"self":[{"href":"https:\/\/ctccollector.ca\/store\/wp-json\/wp\/v2\/product\/33068","targetHints":{"allow":["GET"]}}],"collection":[{"href":"https:\/\/ctccollector.ca\/store\/wp-json\/wp\/v2\/product"}],"about":[{"href":"https:\/\/ctccollector.ca\/store\/wp-json\/wp\/v2\/types\/product"}],"wp:featuredmedia":[{"embeddable":true,"href":"https:\/\/ctccollector.ca\/store\/wp-json\/wp\/v2\/media\/33069"}],"wp:attachment":[{"href":"https:\/\/ctccollector.ca\/store\/wp-json\/wp\/v2\/media?parent=33068"}],"wp:term":[{"taxonomy":"product_brand","embeddable":true,"href":"https:\/\/ctccollector.ca\/store\/wp-json\/wp\/v2\/product_brand?post=33068"},{"taxonomy":"product_cat","embeddable":true,"href":"https:\/\/ctccollector.ca\/store\/wp-json\/wp\/v2\/product_cat?post=33068"},{"taxonomy":"product_tag","embeddable":true,"href":"https:\/\/ctccollector.ca\/store\/wp-json\/wp\/v2\/product_tag?post=33068"}],"curies":[{"name":"wp","href":"https:\/\/api.w.org\/{rel}","templated":true}]}}