{"id":33628,"date":"2022-04-07T14:43:27","date_gmt":"2022-04-07T18:43:27","guid":{"rendered":"https:\/\/ctccollector.ca\/store\/?post_type=product&#038;p=33628"},"modified":"2025-04-22T11:13:59","modified_gmt":"2025-04-22T15:13:59","slug":"ctc-g03-c-x913050-fine-6-digit","status":"publish","type":"product","link":"https:\/\/ctccollector.ca\/store\/shop\/ctc-g03-c-x913050-fine-6-digit\/","title":{"rendered":"[:en]CTC G03-C &#8211; X913050  &#8211;  FINE &#8211; 6 digit[:fr]CTC G03-C &#8211; X913050  &#8211;  FINE &#8211; 6 chiffres[:]"},"content":{"rendered":"<p>[:en]Serial #: X913050<\/p>\n<p>Grade: Fine<\/p>\n<p>Denomination: $0.03<\/p>\n<p>6 digit serial number, see scan for actual note.[:fr]S\u00e9rie #: X913050<\/p>\n<p>Grade: FINE<\/p>\n<p>D\u00e9nomination: $0.03<\/p>\n<p>Num\u00e9ro de s\u00e9rie de 6 chiffres, Voir l&#8217;image.[:]<\/p>\n","protected":false},"excerpt":{"rendered":"<p>[:en]Serial #: X913050 Grade: Fine Denomination: $0.03 6 digit serial number, see scan for actual note.[:fr]S\u00e9rie #: X913050 Grade: FINE D\u00e9nomination: $0.03 Num\u00e9ro de s\u00e9rie de 6 chiffres, Voir l&#8217;image.[:]<\/p>\n","protected":false},"featured_media":33620,"template":"","meta":[],"product_brand":[],"product_cat":[895],"product_tag":[],"class_list":{"0":"post-33628","1":"product","2":"type-product","3":"status-publish","4":"has-post-thumbnail","6":"product_cat-ctc-3c-x-3-notes","9":"first","10":"outofstock","11":"shipping-taxable","12":"purchasable","13":"product-type-simple"},"_links":{"self":[{"href":"https:\/\/ctccollector.ca\/store\/wp-json\/wp\/v2\/product\/33628","targetHints":{"allow":["GET"]}}],"collection":[{"href":"https:\/\/ctccollector.ca\/store\/wp-json\/wp\/v2\/product"}],"about":[{"href":"https:\/\/ctccollector.ca\/store\/wp-json\/wp\/v2\/types\/product"}],"wp:featuredmedia":[{"embeddable":true,"href":"https:\/\/ctccollector.ca\/store\/wp-json\/wp\/v2\/media\/33620"}],"wp:attachment":[{"href":"https:\/\/ctccollector.ca\/store\/wp-json\/wp\/v2\/media?parent=33628"}],"wp:term":[{"taxonomy":"product_brand","embeddable":true,"href":"https:\/\/ctccollector.ca\/store\/wp-json\/wp\/v2\/product_brand?post=33628"},{"taxonomy":"product_cat","embeddable":true,"href":"https:\/\/ctccollector.ca\/store\/wp-json\/wp\/v2\/product_cat?post=33628"},{"taxonomy":"product_tag","embeddable":true,"href":"https:\/\/ctccollector.ca\/store\/wp-json\/wp\/v2\/product_tag?post=33628"}],"curies":[{"name":"wp","href":"https:\/\/api.w.org\/{rel}","templated":true}]}}