{"id":34422,"date":"2022-07-21T16:00:48","date_gmt":"2022-07-21T20:00:48","guid":{"rendered":"https:\/\/ctccollector.ca\/store\/?post_type=product&#038;p=34422"},"modified":"2022-07-21T16:01:36","modified_gmt":"2022-07-21T20:01:36","slug":"ctc-s11-f-q1-q2721470-ef","status":"publish","type":"product","link":"https:\/\/ctccollector.ca\/store\/shop\/ctc-s11-f-q1-q2721470-ef\/","title":{"rendered":"CTC S11-F-Q1 &#8211; Q2721470 &#8211; EF"},"content":{"rendered":"<p>[:en]Superb well centered note, serial number will vary from image.[:fr]Billet superbe, bien centr\u00e9, num\u00e9ro de s\u00e9rie peut varier.[:]<\/p>\n","protected":false},"excerpt":{"rendered":"<p>[:en]Superb well centered note, serial number will vary from image.[:fr]Billet superbe, bien centr\u00e9, num\u00e9ro de s\u00e9rie peut varier.[:]<\/p>\n","protected":false},"featured_media":34417,"template":"","meta":[],"product_brand":[],"product_cat":[560],"product_tag":[],"class_list":{"0":"post-34422","1":"product","2":"type-product","3":"status-publish","4":"has-post-thumbnail","6":"product_cat-ctc-s11-1-00-notes-16","9":"first","10":"instock","11":"shipping-taxable","12":"purchasable","13":"product-type-simple"},"_links":{"self":[{"href":"https:\/\/ctccollector.ca\/store\/wp-json\/wp\/v2\/product\/34422","targetHints":{"allow":["GET"]}}],"collection":[{"href":"https:\/\/ctccollector.ca\/store\/wp-json\/wp\/v2\/product"}],"about":[{"href":"https:\/\/ctccollector.ca\/store\/wp-json\/wp\/v2\/types\/product"}],"wp:featuredmedia":[{"embeddable":true,"href":"https:\/\/ctccollector.ca\/store\/wp-json\/wp\/v2\/media\/34417"}],"wp:attachment":[{"href":"https:\/\/ctccollector.ca\/store\/wp-json\/wp\/v2\/media?parent=34422"}],"wp:term":[{"taxonomy":"product_brand","embeddable":true,"href":"https:\/\/ctccollector.ca\/store\/wp-json\/wp\/v2\/product_brand?post=34422"},{"taxonomy":"product_cat","embeddable":true,"href":"https:\/\/ctccollector.ca\/store\/wp-json\/wp\/v2\/product_cat?post=34422"},{"taxonomy":"product_tag","embeddable":true,"href":"https:\/\/ctccollector.ca\/store\/wp-json\/wp\/v2\/product_tag?post=34422"}],"curies":[{"name":"wp","href":"https:\/\/api.w.org\/{rel}","templated":true}]}}